{"id":389,"date":"2023-10-28T10:20:12","date_gmt":"2023-10-28T10:20:12","guid":{"rendered":"http:\/\/aluminisbongust.com\/?page_id=389"},"modified":"2023-12-21T21:35:06","modified_gmt":"2023-12-21T21:35:06","slug":"aviso-legal","status":"publish","type":"page","link":"https:\/\/aluminisbongust.com\/cat\/aviso-legal\/","title":{"rendered":"Av\u00eds Legal"},"content":{"rendered":"<div data-elementor-type=\"wp-page\" data-elementor-id=\"389\" class=\"elementor elementor-389\" data-elementor-post-type=\"page\">\n\t\t\t\t\t\t<section class=\"elementor-section elementor-top-section elementor-element elementor-element-252a3bb elementor-section-boxed elementor-section-height-default elementor-section-height-default\" data-id=\"252a3bb\" data-element_type=\"section\" data-e-type=\"section\">\n\t\t\t\t\t\t<div class=\"elementor-container elementor-column-gap-default\">\n\t\t\t\t\t<div class=\"elementor-column elementor-col-100 elementor-top-column elementor-element elementor-element-c3a4b80\" data-id=\"c3a4b80\" data-element_type=\"column\" data-e-type=\"column\">\n\t\t\t<div class=\"elementor-widget-wrap elementor-element-populated\">\n\t\t\t\t\t\t<div class=\"elementor-element elementor-element-089a362 elementor-widget elementor-widget-text-editor\" data-id=\"089a362\" data-element_type=\"widget\" data-e-type=\"widget\" data-widget_type=\"text-editor.default\">\n\t\t\t\t<div class=\"elementor-widget-container\">\n\t\t\t\t\t\t\t\t\t<p>En aquest Av\u00eds Legal, l'Usuari, podr\u00e0 trobar tota la informaci\u00f3 relativa a les condicions legals que defineixen les relacions entre els usuaris i el responsable de la p\u00e0gina web accessible a l'adre\u00e7a URL https:\/\/aluminisbongust.com (d'ara endavant, el lloc web), que Aluminis Bon Gust posa a la disposici\u00f3 dels usuaris d'Internet.<br>La utilitzaci\u00f3 del lloc web implica l'acceptaci\u00f3 plena i sense reserves de totes i cadascuna de les disposicions incloses en aquest Av\u00eds Legal. En conseq\u00fc\u00e8ncia, l'usuari del lloc web ha de llegir atentament aquest Av\u00eds Legal en cadascuna de les ocasions en qu\u00e8 es proposi utilitzar el web, ja que el text podria patir modificacions a criteri del titular del web, oa causa d'un canvi legislatiu , jurisprudencial oa la pr\u00e0ctica empresarial.<\/p>\n<p><strong>1.- DADES DEL RESPONSABLE TITULAR DEL LLOC WEB.<\/strong><\/p>\n<p>Nom del titular: Jaime Sanjaume Vadillo<br>CIF: 38860729K<br>Adre\u00e7a: Rambla Riera i Penya, 33, 08358 Arenys de Munt (Barcelona)<br>Tel\u00e8fon de contacte: 622 46 43 87<br>Correu electr\u00f2nic: info@aluminisbongust.com<\/p>\n<p>Jaime Sanjaume Vadillo \u00e9s el responsable del Lloc Web i es compromet a complir tots els requisits nacionals i europeus que regulen l'\u00fas de les dades personals dels usuaris.<\/p>\n<p>Aquest Lloc Web garanteix la protecci\u00f3 i la confidencialitat de les dades personals que ens proporcionin d'acord amb el que disposa el Reglament General de Protecci\u00f3 de Dades de Car\u00e0cter Personal (UE) 2016\/679 del Parlament Europeu i del Consell, de 27 d'abril de 2016 , a la Llei Org\u00e0nica 3\/2018, de Protecci\u00f3 de Dades Personals i garantia dels drets digitals, aix\u00ed com a la Llei de Serveis de la Societat de la Informaci\u00f3 i Comer\u00e7 Electr\u00f2nic 34\/2002 de 11 de Juliol (LSSI-CE)<\/p>\n<p><strong>2.- OBJECTE.<\/strong><\/p>\n<p>El lloc web facilita als usuaris del mateix l'acc\u00e9s a informaci\u00f3 i serveis prestats per Aluminis Bon Gust a aquelles persones o organitzacions interessades en aquests.<\/p>\n<p>L'acc\u00e9s i la utilitzaci\u00f3 del Lloc Web atribueix la condici\u00f3 d'usuari del Lloc Web (d'ara endavant, \u201cl'Usuari\u201d) i implica l'acceptaci\u00f3 de totes les condicions incloses en aquest Av\u00eds Legal aix\u00ed com de les seves modificacions. La prestaci\u00f3 del servei del Lloc Web t\u00e9 una durada limitada al moment en qu\u00e8 l'Usuari estigui connectat al Lloc Web oa algun dels serveis que a trav\u00e9s del mateix es faciliten. Per tant, l'Usuari ha de llegir atentament aquest Av\u00eds Legal en cadascuna de les ocasions en qu\u00e8 es proposi utilitzar el Lloc Web, ja que aquest i les seves condicions d'\u00fas recollides al present Av\u00eds Legal poden patir modificacions.<\/p>\n<p><strong>3.- ACC\u00c9S I UTILITZACI\u00d3 DEL WEB.<\/strong><\/p>\n<p>3.1.- Car\u00e0cter gratu\u00eft de l'acc\u00e9s i la utilitzaci\u00f3 de la web. L'acc\u00e9s a la web t\u00e9 car\u00e0cter gratu\u00eft per als usuaris de la mateixa, llevat del cost de la connexi\u00f3 a trav\u00e9s de la xarxa de telecomunicacions subministrada pel prove\u00efdor d'acc\u00e9s contractat pels usuaris.<br>3.2.- Registre dusuaris. Amb car\u00e0cter general l'acc\u00e9s i utilitzaci\u00f3 de la web no exigeix \u200b\u200bla pr\u00e8via subscripci\u00f3 o registre dels usuaris de la web.<br>3.3.- Els usuaris garanteixen i responen, en qualsevol cas, de l'exactitud, vig\u00e8ncia i autenticitat de les dades personals facilitades, i es comprometen a mantenir-les degudament actualitzades. L'usuari accepta proporcionar informaci\u00f3 completa i correcta al formulari de contacte o subscripci\u00f3.<\/p>\n<p>En cap cas no es demanaran del menor d'edat dades relatives a la situaci\u00f3 professional, econ\u00f2mica oa la intimitat dels altres membres de la fam\u00edlia, sense el seu consentiment. Si ets menor de tretze anys i has accedit a aquest lloc web sense avisar els teus pares no t'has de registrar com a usuari.<\/p>\n<p>En aquesta web es respecten i cuiden les dades personals dels usuaris. Com a usuari has de saber que els teus drets estan garantits.<\/p>\n<p><strong>4.- CONTINGUTS DE LA WEB.<\/strong><\/p>\n<p>L'idioma utilitzat pel titular a la web ser\u00e0 el castell\u00e0. Aluminis Bon Gust no es responsabilitza de la no comprensi\u00f3 o entesa de l'idioma de la web per l'usuari, ni de les conseq\u00fc\u00e8ncies.<br>Aluminis Bon Gust podr\u00e0 modificar els continguts sense previ av\u00eds, aix\u00ed com suprimir i canviar aquests dins de la web, com la forma en qu\u00e8 s'accedeix a aquests, sense cap justificaci\u00f3 i lliurement, no responsabilitzant-se de les conseq\u00fc\u00e8ncies que aquests puguin ocasionar als usuaris.<br>Es prohibeix l'\u00fas dels continguts de la web per promocionar, contractar o divulgar publicitat o informaci\u00f3 pr\u00f2pia o de terceres persones sense l'autoritzaci\u00f3 d'Aluminis Bon Gust, ni remetre publicitat o informaci\u00f3 fent servir els serveis o informaci\u00f3 que es posen a disposici\u00f3 dels usuaris, independentment de si la utilitzaci\u00f3 \u00e9s gratu\u00efta o no.<br>Els enlla\u00e7os o hiperenlla\u00e7os que incorporin tercers a les seves p\u00e0gines web, dirigits a aquesta web, seran per a l'obertura de la p\u00e0gina web completa, no podent manifestar, directament o indirectament, indicacions falses, inexactes o confuses, ni inc\u00f3rrer en accions deslleials o il\u00b7l\u00edcites en contra d'Aluminis Bon Gust<\/p>\n<p><strong>5.- MESURES DE SEGURETAT.<\/strong><\/p>\n<p>Les dades personals comunicades per l'usuari podran ser emmagatzemades en bases de dades automatitzades o no, la titularitat de les quals correspon en exclusiva a Aluminis Bon Gust, assumint totes les mesures d'\u00edndole t\u00e8cnica, organitzativa i de seguretat que garanteixin la confidencialitat, integritat i qualitat de la informaci\u00f3 continguda en aquestes d'acord amb el que estableixen les normatives vigents en mat\u00e8ria de protecci\u00f3 de dades de car\u00e0cter personal.<\/p>\n<p><strong>6.- LIMITACI\u00d3 DE RESPONSABILITAT.<\/strong><\/p>\n<p>Tant l'acc\u00e9s a la web com l'\u00fas no consentit que es pugui efectuar de la informaci\u00f3 que cont\u00e9 \u00e9s de l'exclusiva responsabilitat de qui el realitza. Aluminis Bon Gust no respondr\u00e0 de cap conseq\u00fc\u00e8ncia, dany o perjudici que es puguin derivar d'aquest acc\u00e9s o \u00fas. Aluminis Bon Gust no es fa responsable dels errors de seguretat, que es puguin produir ni dels danys que puguin causar-se al sistema inform\u00e0tic de l'usuari (hardware i software), o als fitxers o documents emmagatzemats en aquest, com a conseq\u00fc\u00e8ncia de:<br>- la pres\u00e8ncia d'un virus a l'ordinador de l'usuari que sigui utilitzat per a la connexi\u00f3 als serveis i continguts de la web.<br>\u2013 un mal funcionament del navegador.<br>\u2013 i\/o de l'\u00fas de versions no actualitzades.<br>Aluminis Bon Gust no es fa responsable de la fiabilitat i rapidesa dels hiperenlla\u00e7os que s'incorporin a la web per a l'obertura d'altres. Aluminis Bon Gust no garanteix la utilitat d'aquests enlla\u00e7os, ni es responsabilitza dels continguts o serveis als quals l'usuari pugui accedir per mitj\u00e0 d'aquests enlla\u00e7os, ni del bon funcionament d'aquestes webs.<br>Aluminis Bon Gust no ser\u00e0 responsable dels virus o altres programes inform\u00e0tics que deteriorin o puguin deteriorar els sistemes o equips inform\u00e0tics dels usuaris en accedir a la seva web o altres webs a qu\u00e8 s'hagi accedit mitjan\u00e7ant enlla\u00e7os d'aquest web.<\/p>\n<p><strong>7.- OCUPACI\u00d3 DE LA TECNOLOGIA \u00abCOOKIE\u00bb.<\/strong><\/p>\n<p>El Lloc Web pot emprar cookies o tecnologies similars que es regiran per all\u00f2 establert a la Pol\u00edtica de Cookies, accessible en tot moment i respectant la confidencialitat i intimitat de l'usuari, sent part integrant del present Av\u00eds Legal.<\/p>\n<p><strong>8.- NAVEGACI\u00d3.<\/strong><\/p>\n<p>Els servidors dInternet poden recollir dades no identificables, que puguin incloure, adreces IP, i altres dades que no poden ser utilitzades per identificar lusuari. La vostra adre\u00e7a IP s'emmagatzemar\u00e0 als logs d'acc\u00e9s de forma autom\u00e0tica i amb l'\u00fanica finalitat de permetre el tr\u00e0nsit per Internet, i \u00e9s necessari que el vostre equip faciliti aquesta adre\u00e7a IP quan navega per Internet perqu\u00e8 les comunicacions es puguin fer. Aix\u00ed mateix, l'adre\u00e7a IP podr\u00e0 ser utilitzada per fer estad\u00edstiques, de manera anonimitzada, sobre el nombre de visitants d'aquest web i la seva proced\u00e8ncia, de manera totalment transparent a la vostra navegaci\u00f3.<\/p>\n<p><strong>9.- PROPIETAT INTEL\u00b7LECTUAL I INDUSTRIAL<\/strong><\/p>\n<p>L'usuari coneix i accepta que tots els continguts i\/o qualsevol altre element del lloc web s\u00f3n propietat d'Aluminis Bon Gust, i es compromet a respectar els drets de propietat intel\u00b7lectual i industrial titularitat d'Aluminis Bon Gust. Qualsevol \u00fas de la web o els seus continguts haur\u00e0 de tenir un car\u00e0cter exclusivament particular.<br>Est\u00e0 reservat exclusivament a Aluminis Bon Gust, qualsevol altre \u00fas que suposi la c\u00f2pia, reproducci\u00f3, distribuci\u00f3, transformaci\u00f3, comunicaci\u00f3 p\u00fablica o qualsevol altra acci\u00f3 similar, de tot o part dels continguts de la web, per la qual cosa cap usuari no podr\u00e0 dur a terme aquestes accions sense autoritzaci\u00f3 pr\u00e8via i per escrit d'Aluminis Bon Gust<\/p>\n<p><strong>10.- LEGISLACI\u00d3 APLICABLE I JURISDICCI\u00d3 COMPETENT<\/strong><\/p>\n<p>Aquest Av\u00eds Legal s'interpretar\u00e0 i es regir\u00e0 de conformitat amb la legislaci\u00f3 espanyola. Aluminis Bon Gust i els usuaris, amb ren\u00fancia expressa a qualsevol altre fur que els pogu\u00e9s correspondre, se sotmeten al dels jutjats i tribunals del domicili de l'usuari per a qualsevol controv\u00e8rsia que pogu\u00e9s derivar-se de l'acc\u00e9s o \u00fas del web. En cas que l'usuari tingui el domicili fora d'Espanya, Aluminis Bon Gust i l'usuari, se sotmeten, amb ren\u00fancia expressa a qualsevol altre fur, els jutjats i els tribunals del domicili d'Arenys.<\/p>\t\t\t\t\t\t\t\t<\/div>\n\t\t\t\t<\/div>\n\t\t\t\t\t<\/div>\n\t\t<\/div>\n\t\t\t\t\t<\/div>\n\t\t<\/section>\n\t\t\t\t<\/div>","protected":false},"excerpt":{"rendered":"<p>En el presente Aviso Legal, el Usuario, podr\u00e1 encontrar toda la informaci\u00f3n relativa a las condiciones legales que definen las relaciones entre los usuarios y el responsable de la p\u00e1gina web accesible en la direcci\u00f3n URL https:\/\/aluminisbongust.com (en adelante, el sitio web), que Aluminis Bon Gust pone a disposici\u00f3n de los usuarios de Internet.La utilizaci\u00f3n [&hellip;]<\/p>\n","protected":false},"author":1,"featured_media":0,"parent":0,"menu_order":0,"comment_status":"closed","ping_status":"closed","template":"","meta":{"_joinchat":[],"footnotes":""},"class_list":["post-389","page","type-page","status-publish","hentry"],"_links":{"self":[{"href":"https:\/\/aluminisbongust.com\/cat\/wp-json\/wp\/v2\/pages\/389","targetHints":{"allow":["GET"]}}],"collection":[{"href":"https:\/\/aluminisbongust.com\/cat\/wp-json\/wp\/v2\/pages"}],"about":[{"href":"https:\/\/aluminisbongust.com\/cat\/wp-json\/wp\/v2\/types\/page"}],"author":[{"embeddable":true,"href":"https:\/\/aluminisbongust.com\/cat\/wp-json\/wp\/v2\/users\/1"}],"replies":[{"embeddable":true,"href":"https:\/\/aluminisbongust.com\/cat\/wp-json\/wp\/v2\/comments?post=389"}],"version-history":[{"count":22,"href":"https:\/\/aluminisbongust.com\/cat\/wp-json\/wp\/v2\/pages\/389\/revisions"}],"predecessor-version":[{"id":809,"href":"https:\/\/aluminisbongust.com\/cat\/wp-json\/wp\/v2\/pages\/389\/revisions\/809"}],"wp:attachment":[{"href":"https:\/\/aluminisbongust.com\/cat\/wp-json\/wp\/v2\/media?parent=389"}],"curies":[{"name":"wp","href":"https:\/\/api.w.org\/{rel}","templated":true}]}}