{"id":391,"date":"2023-10-28T10:20:26","date_gmt":"2023-10-28T10:20:26","guid":{"rendered":"http:\/\/aluminisbongust.com\/?page_id=391"},"modified":"2023-12-21T21:34:49","modified_gmt":"2023-12-21T21:34:49","slug":"politica-de-cookies","status":"publish","type":"page","link":"https:\/\/aluminisbongust.com\/cat\/politica-de-cookies\/","title":{"rendered":"Pol\u00edtica de cookies"},"content":{"rendered":"<div data-elementor-type=\"wp-page\" data-elementor-id=\"391\" class=\"elementor elementor-391\" data-elementor-post-type=\"page\">\n\t\t\t\t\t\t<section class=\"elementor-section elementor-top-section elementor-element elementor-element-6fb359b elementor-section-boxed elementor-section-height-default elementor-section-height-default\" data-id=\"6fb359b\" data-element_type=\"section\" data-e-type=\"section\">\n\t\t\t\t\t\t<div class=\"elementor-container elementor-column-gap-default\">\n\t\t\t\t\t<div class=\"elementor-column elementor-col-100 elementor-top-column elementor-element elementor-element-0770554\" data-id=\"0770554\" data-element_type=\"column\" data-e-type=\"column\">\n\t\t\t<div class=\"elementor-widget-wrap elementor-element-populated\">\n\t\t\t\t\t\t<div class=\"elementor-element elementor-element-87a66a7 elementor-widget elementor-widget-text-editor\" data-id=\"87a66a7\" data-element_type=\"widget\" data-e-type=\"widget\" data-widget_type=\"text-editor.default\">\n\t\t\t\t<div class=\"elementor-widget-container\">\n\t\t\t\t\t\t\t\t\t<p>A la web <a href=\"https:\/\/aluminisbongust.com\/cat\/\">aluminisbongust.com<\/a>\u00a0(d'ara endavant, el Lloc Web) utilitzem cookies per facilitar la relaci\u00f3 dels visitants amb el nostre contingut i per permetre elaborar estad\u00edstiques sobre les visitants que rebem.<\/p><p>Us informem que podem utilitzar cookies amb la finalitat de facilitar la vostra navegaci\u00f3 a trav\u00e9s del Lloc Web, distingir-vos d'altres usuaris, proporcionar-vos una millor experi\u00e8ncia en l'\u00fas del mateix, i identificar problemes per millorar el nostre Lloc Web.<\/p><p><strong>Qu\u00e8 s\u00f3n les galetes?<\/strong><\/p><p>S'anomenen cookies a uns petits fitxers que es graven al navegador utilitzat per cada visitant de la nostra web perqu\u00e8 el servidor pugui recordar la visita d'aquest usuari amb posterioritat quan torni a accedir als nostres continguts. Aquesta informaci\u00f3 no revela la seva identitat, ni dada personal, ni accedeix al contingut emmagatzemat al seu pc, per\u00f2 s\u00ed que permet al nostre sistema identificar-vos com un usuari determinat que ja va visitar la web amb anterioritat, va visualitzar determinades p\u00e0gines, etc. ia m\u00e9s permet guardar-ne les prefer\u00e8ncies personals i informaci\u00f3 t\u00e8cnica.<\/p><p>En compliment de la Directiva 2009\/136\/CE, desenvolupada al nostre ordenament per l'apartat segon de l'article 22 de la LSSI, seguint les directrius de l'AEPD, procedim a informar-vos detalladament de l'\u00fas que es realitza a la nostra web.<\/p><p>A continuaci\u00f3, es fa una classificaci\u00f3 de les cookies en funci\u00f3 d'una s\u00e8rie de categories. No obstant aix\u00f2, cal tenir en compte que una mateixa galeta pot estar inclosa en m\u00e9s d'una categoria.<\/p><div><p><strong>Tipus de galetes segons l'entitat que les gestiona<\/strong><\/p><ul><li>Cookies pr\u00f2pies: S\u00f3n aquelles que s'envien a l'equip terminal de l'usuari des d'un equip o domini gestionat pel mateix editor.<\/li><li>Galetes de tercers: S\u00f3n aquelles que s'envien a l'equip terminal de l'usuari des d'un equip o domini que no \u00e9s gestionat per l'editor, sin\u00f3 per una altra entitat que tracta les dades.<\/li><\/ul><div><p><strong>Tipus de cookies segons el termini de temps que romanen actives<\/strong><\/p><ul><li>Cookies de sessi\u00f3: S\u00f3n un tipus de cookies dissenyades per demanar i emmagatzemar dades mentre l'usuari accedeix a una p\u00e0gina web.<\/li><li>Cookies persistents: S\u00f3n un tipus de cookies en qu\u00e8 les dades segueixen emmagatzemades al terminal i poden ser accedides i tractades durant un per\u00edode definit pel responsable de la galeta, i que pot anar d'uns minuts a diversos anys.<\/li><\/ul><\/div><\/div><div><p><strong>Tipus de cookies segons la finalitat<\/strong><\/p><ul><li>Cookies t\u00e8cniques: Aquelles que permeten a l'usuari la navegaci\u00f3 a trav\u00e9s d'una p\u00e0gina web, plataforma o aplicaci\u00f3 i la utilitzaci\u00f3 de les diferents opcions o serveis que hi hagi.<\/li><li>Galetes de personalitzaci\u00f3: S\u00f3n aquelles que permeten a l'usuari accedir al servei amb algunes caracter\u00edstiques de car\u00e0cter general predefinides en funci\u00f3 d'una s\u00e8rie de criteris al terminal de l'usuari.<\/li><li>Galetes publicit\u00e0ries: S\u00f3n aquelles que permeten la gesti\u00f3, de la manera m\u00e9s efica\u00e7 possible, dels espais publicitaris que, si escau, l'editor hagi incl\u00f2s en una p\u00e0gina web.<\/li><li>Cookies de publicitat comportamental: S\u00f3n aquelles que permeten la gesti\u00f3, de la manera m\u00e9s efica\u00e7 possible, dels espais publicitaris que, si escau, l'editor hagi incl\u00f2s en una p\u00e0gina web. Aquestes galetes emmagatzemen informaci\u00f3 del comportament dels usuaris obtinguda a trav\u00e9s de l'observaci\u00f3 continuada dels seus h\u00e0bits de navegaci\u00f3, cosa que permet desenvolupar un perfil espec\u00edfic per mostrar publicitat en funci\u00f3 del mateix.<\/li><li>Cookies d'an\u00e0lisi: S\u00f3n aquelles que permeten al responsable de les mateixes, el seguiment i l'an\u00e0lisi del comportament dels usuaris dels llocs web als quals estan vinculades. La informaci\u00f3 recollida mitjan\u00e7ant aquest tipus de galetes s'utilitza en el mesurament de l'activitat dels llocs web, a fi d'introduir millores en funci\u00f3 de l'an\u00e0lisi de les dades d'\u00fas que fan els usuaris del servei.<\/li><\/ul><\/div><p>Actualment, la majoria dels navegadors estan configurats per defecte per bloquejar la instal\u00b7laci\u00f3 de cookies de publicitat o tercers al vostre equip. L'usuari pot ampliar les restriccions d'origen, impedint l'entrada de qualsevol tipus de galeta, o eliminar les restriccions esmentades, acceptant l'entrada de qualsevol tipus de galetes. Si esteu interessats en admetre cookies de publicitat o de tercers, podreu configurar el vostre navegador amb aquesta finalitat.<\/p><p>L'acceptaci\u00f3 realitzada per l'usuari, fent clic al bot\u00f3 de <strong>ACCEPTAR<\/strong> mostrat a la informaci\u00f3 inicial sobre cookies, implica que est\u00e0 consentint expressament el responsable per a la seva utilitzaci\u00f3, podent exercir els seus drets i revocar el seu consentiment en qualsevol moment, a trav\u00e9s de sol\u00b7licitud a Instal Iluro.<\/p><p>A continuaci\u00f3 us informem detalladament totes les cookies que podrien arribar a instal\u00b7lar-se des del nostre lloc web. En funci\u00f3 de la vostra navegaci\u00f3, de la configuraci\u00f3 del vostre navegador i de l'acceptaci\u00f3 o rebuig d'aquestes, podreu instal\u00b7lar-ne totes o nom\u00e9s algunes.<\/p><div id=\"listadodecookies\"><table style=\"border: 1px solid black;\"><tbody><tr align=\"center\"><td style=\"border: 1px solid black;\">Nom<\/td><td style=\"border: 1px solid black;\">Categoria<\/td><td style=\"border: 1px solid black;\">Descripci\u00f3<\/td><td style=\"border: 1px solid black;\">Propietat<\/td><td style=\"border: 1px solid black;\">Durada<\/td><\/tr><tr id=\"_ga\" align=\"center\"><td style=\"border: 1px solid black;\">_ga<\/td><td style=\"border: 1px solid black;\">An\u00e0lisi<\/td><td style=\"border: 1px solid black;\">Es fa servir per distingir els usuaris.<\/td><td style=\"border: 1px solid black;\">Tercers<\/td><td style=\"border: 1px solid black;\">2 a\u00f1os<\/td><\/tr><tr id=\"_gid\" align=\"center\"><td style=\"border: 1px solid black;\">_gid<\/td><td style=\"border: 1px solid black;\">An\u00e0lisi<\/td><td style=\"border: 1px solid black;\">Es fa servir per distingir els usuaris.<\/td><td style=\"border: 1px solid black;\">Tercers<\/td><td style=\"border: 1px solid black;\">24 horas<\/td><\/tr><tr id=\"wp-settings-\" align=\"center\"><td style=\"border: 1px solid black;\">wp-settings-<\/td><td style=\"border: 1px solid black;\">Funcionalidad<\/td><td style=\"border: 1px solid black;\">Serveix per personalitzar la interf\u00edcie d'usuari.<\/td><td style=\"border: 1px solid black;\">Propia<\/td><td style=\"border: 1px solid black;\">1 any<\/td><\/tr><tr id=\"wp-settings-time-\" align=\"center\"><td style=\"border: 1px solid black;\">wp-settings-time-<\/td><td style=\"border: 1px solid black;\">Funcionalidad<\/td><td style=\"border: 1px solid black;\">Serveix per personalitzar la interf\u00edcie d'usuari.<\/td><td style=\"border: 1px solid black;\">Propia<\/td><td style=\"border: 1px solid black;\">Finalitzaci\u00f3 de la sessi\u00f3<\/td><\/tr><tr id=\"_lscache_vary\" align=\"center\"><td style=\"border: 1px solid black;\">_lscache_vary<\/td><td style=\"border: 1px solid black;\">Funcionalidad<\/td><td style=\"border: 1px solid black;\">Cookie del plugin LiteSpeed \u200b\u200bCache, no recull dades personals, serveix per saber l'estat del visitant (nou, recurrent), rol de l'usuari (editor, administrador, etc.)<\/td><td style=\"border: 1px solid black;\">Tercers<\/td><td style=\"border: 1px solid black;\">2 dies a l'ordinador del visitant<\/td><\/tr><\/tbody><\/table><\/div><p>\u00c9s possible que actualitzem la Pol\u00edtica de Cookies del nostre Lloc Web, per aix\u00f2 us recomanem revisar aquesta pol\u00edtica cada vegada que accediu al nostre Lloc Web amb l'objectiu d'estar adequadament informat sobre com i per a qu\u00e8 usem les cookies.<\/p><p>Si no voleu que es guardin galetes al vostre navegador o prefereix rebre una informaci\u00f3 cada vegada que una galeta sol\u00b7liciti instal\u00b7lar-se, podeu configurar les vostres opcions de navegaci\u00f3 perqu\u00e8 es faci d'aquesta manera. La major part dels navegadors permeten la gesti\u00f3 de les galetes de 3 formes diferents:<\/p><ul><li>Les galetes s\u00f3n sempre rebutjades;<\/li><li>El navegador pregunta si l'usuari vol instal\u00b7lar cada galeta;<\/li><li>Les galetes s\u00f3n sempre acceptades;<\/li><\/ul><p>El vostre navegador tamb\u00e9 pot incloure la possibilitat de seleccionar amb detall les cookies que voleu que s'instal\u00b7lin al vostre ordinador. En concret, l'usuari pot normalment acceptar alguna de les opcions seg\u00fcents:<\/p><ul><li>Rebutjar les galetes de determinats dominis;<\/li><li>Rebutjar les galetes de tercers;<\/li><li>Acceptar cookies com a no persistents (s'eliminen quan el navegador es tanca);<\/li><li>Permetre al servidor crear galetes per a un domini diferent.<\/li><\/ul><p>Per permetre, con\u00e8ixer, bloquejar o eliminar les cookies instal\u00b7lades al vostre equip podeu fer-ho mitjan\u00e7ant la configuraci\u00f3 de les opcions del navegador instal\u00b7lat al vostre ordinador.<\/p><p>Podeu trobar informaci\u00f3 sobre com configurar els navegadors m\u00e9s utilitzats a les seg\u00fcents ubicacions:<\/p><ul><li><strong>Internet Explorer<\/strong>: Eines -&gt; Opcions d'Internet -&gt; Privadesa -&gt; Configuraci\u00f3. Per a m\u00e9s informaci\u00f3, podeu consultar el <a href=\"http:\/\/windows.microsoft.com\/es-ES\/windows\/support\" target=\"_blank\" rel=\"nofollow noopener noreferrer\">suport de Microsoft<\/a> o l'ajuda del navegador.<\/li><li><strong>Firefox<\/strong>: Eines -&gt; Opcions -&gt; Privadesa -&gt; Historial -&gt; Configuraci\u00f3 Personalitzada. Per a m\u00e9s informaci\u00f3, podeu consultar el <a target=\"_blank\" rel=\"noopener noreferrer\">suport de Mozilla<\/a> o l'ajuda del navegador.<\/li><li><strong>Chrome<\/strong>: Configuraci\u00f3 -&gt; Mostrar opcions avan\u00e7ades -&gt; Privadesa -&gt; Configuraci\u00f3 de contingut. Per a m\u00e9s informaci\u00f3, podeu consultar el <a target=\"_blank\" rel=\"noopener noreferrer\">suport de Google<\/a> o l'ajuda del navegador.<\/li><li><strong>Safari<\/strong>: Prefer\u00e8ncies -&gt; Seguretat. Per a m\u00e9s informaci\u00f3, podeu consultar el <a target=\"_blank\" rel=\"noopener noreferrer\">suport d'Apple<\/a> o l'ajuda del navegador.<\/li><\/ul>\t\t\t\t\t\t\t\t<\/div>\n\t\t\t\t<\/div>\n\t\t\t\t\t<\/div>\n\t\t<\/div>\n\t\t\t\t\t<\/div>\n\t\t<\/section>\n\t\t\t\t<\/div>","protected":false},"excerpt":{"rendered":"<p>En la web aluminisbongust.com\u00a0(en adelante, el Sitio Web) utilizamos cookies para facilitar la relaci\u00f3n de los visitantes con nuestro contenido y para permitir elaborar estad\u00edsticas sobre las visitantes que recibimos. Le informamos que podemos utilizar cookies con la finalidad de facilitar su navegaci\u00f3n a trav\u00e9s del Sitio Web, distinguirte de otros usuarios, proporcionarle una mejor [&hellip;]<\/p>\n","protected":false},"author":1,"featured_media":0,"parent":0,"menu_order":0,"comment_status":"closed","ping_status":"closed","template":"","meta":{"_joinchat":[],"footnotes":""},"class_list":["post-391","page","type-page","status-publish","hentry"],"_links":{"self":[{"href":"https:\/\/aluminisbongust.com\/cat\/wp-json\/wp\/v2\/pages\/391","targetHints":{"allow":["GET"]}}],"collection":[{"href":"https:\/\/aluminisbongust.com\/cat\/wp-json\/wp\/v2\/pages"}],"about":[{"href":"https:\/\/aluminisbongust.com\/cat\/wp-json\/wp\/v2\/types\/page"}],"author":[{"embeddable":true,"href":"https:\/\/aluminisbongust.com\/cat\/wp-json\/wp\/v2\/users\/1"}],"replies":[{"embeddable":true,"href":"https:\/\/aluminisbongust.com\/cat\/wp-json\/wp\/v2\/comments?post=391"}],"version-history":[{"count":13,"href":"https:\/\/aluminisbongust.com\/cat\/wp-json\/wp\/v2\/pages\/391\/revisions"}],"predecessor-version":[{"id":806,"href":"https:\/\/aluminisbongust.com\/cat\/wp-json\/wp\/v2\/pages\/391\/revisions\/806"}],"wp:attachment":[{"href":"https:\/\/aluminisbongust.com\/cat\/wp-json\/wp\/v2\/media?parent=391"}],"curies":[{"name":"wp","href":"https:\/\/api.w.org\/{rel}","templated":true}]}}